{"id":5,"date":"2019-05-30T08:24:32","date_gmt":"2019-05-30T08:24:32","guid":{"rendered":"https:\/\/colibriwp-work.colibriwp.com\/photographer-portfolio\/colibri-wp\/"},"modified":"2026-02-04T12:12:32","modified_gmt":"2026-02-04T11:12:32","slug":"home","status":"publish","type":"page","link":"https:\/\/ventconscient.fr\/","title":{"rendered":"Home"},"content":{"rendered":"<div data-colibri-id=\"5-c1\" class=\"style-141 style-local-5-c1 position-relative\">\r\n  <!---->\r\n  <div data-colibri-component=\"section\" data-colibri-id=\"5-c2\" id=\"my-specialities\" class=\"h-section h-section-global-spacing d-flex align-items-lg-center align-items-md-center align-items-center style-167 style-local-5-c2 position-relative\">\r\n    <!---->\r\n    <!---->\r\n    <div class=\"h-section-grid-container h-section-boxed-container\">\r\n      <!---->\r\n      <div data-colibri-id=\"5-c3\" class=\"h-row-container gutters-row-lg-2 gutters-row-md-2 gutters-row-0 gutters-row-v-lg-2 gutters-row-v-md-2 gutters-row-v-2 style-712 style-local-5-c3 position-relative\">\r\n        <!---->\r\n        <div class=\"h-row justify-content-lg-center justify-content-md-center justify-content-center align-items-lg-stretch align-items-md-stretch align-items-stretch gutters-col-lg-2 gutters-col-md-2 gutters-col-0 gutters-col-v-lg-2 gutters-col-v-md-2 gutters-col-v-2\">\r\n          <!---->\r\n          <div class=\"h-column h-column-container d-flex h-col-lg-auto h-col-md-auto h-col-auto style-713-outer style-local-5-c4-outer\">\r\n            <div data-colibri-id=\"5-c4\" class=\"d-flex h-flex-basis h-column__inner h-px-lg-2 h-px-md-2 h-px-2 v-inner-lg-2 v-inner-md-2 v-inner-2 style-713 style-local-5-c4 position-relative\">\r\n              <!---->\r\n              <!---->\r\n              <div class=\"w-100 h-y-container h-column__content h-column__v-align flex-basis-100 align-self-lg-start align-self-md-start align-self-start\">\r\n                <!---->\r\n                <div data-colibri-id=\"5-c5\" class=\"d-block style-714 style-local-5-c5 position-relative h-element\">\r\n                  <!---->\r\n                  <div class=\"h-image__frame-container-outer\">\r\n                    <div class=\"h-image__frame-container\">\r\n                      <!---->\r\n                      <!---->\r\n                      <img loading=\"lazy\" decoding=\"async\" width=\"849\" height=\"433\" src=\"https:\/\/ventconscient.fr\/wp-content\/uploads\/2023\/07\/services3-1.png\" class=\"wp-image-2513 style-714-image style-local-5-c5-image\" alt=\"\" srcset=\"https:\/\/ventconscient.fr\/wp-content\/uploads\/2023\/07\/services3-1.png 849w, https:\/\/ventconscient.fr\/wp-content\/uploads\/2023\/07\/services3-1-300x153.png 300w, https:\/\/ventconscient.fr\/wp-content\/uploads\/2023\/07\/services3-1-768x392.png 768w\" sizes=\"auto, (max-width: 849px) 100vw, 849px\" \/>\r\n                      <div class=\"h-image__frame h-hide-lg h-hide-md h-hide-sm style-714-frameImage style-local-5-c5-frameImage\"><\/div>\r\n                    <\/div>\r\n                  <\/div>\r\n                <\/div>\r\n              <\/div>\r\n            <\/div>\r\n          <\/div>\r\n        <\/div>\r\n      <\/div>\r\n    <\/div>\r\n  <\/div>\r\n  <div data-colibri-component=\"section\" data-colibri-id=\"5-c6\" id=\"about-me\" class=\"h-section h-section-global-spacing d-flex align-items-lg-center align-items-md-center align-items-center style-198 style-local-5-c6 position-relative\">\r\n    <!---->\r\n    <!---->\r\n    <div class=\"h-section-grid-container h-section-boxed-container\">\r\n      <!---->\r\n      <div data-colibri-id=\"5-c7\" class=\"h-row-container gutters-row-lg-2 gutters-row-md-2 gutters-row-0 gutters-row-v-lg-2 gutters-row-v-md-2 gutters-row-v-2 style-715 style-local-5-c7 position-relative\">\r\n        <!---->\r\n        <div class=\"h-row justify-content-lg-center justify-content-md-center justify-content-center align-items-lg-stretch align-items-md-stretch align-items-stretch gutters-col-lg-2 gutters-col-md-2 gutters-col-0 gutters-col-v-lg-2 gutters-col-v-md-2 gutters-col-v-2\">\r\n          <!---->\r\n          <div class=\"h-column h-column-container d-flex h-col-lg-auto h-col-md-auto h-col-auto style-716-outer style-local-5-c8-outer\">\r\n            <div data-colibri-id=\"5-c8\" class=\"d-flex h-flex-basis h-column__inner h-px-lg-2 h-px-md-2 h-px-2 v-inner-lg-2 v-inner-md-2 v-inner-2 style-716 style-local-5-c8 position-relative\">\r\n              <!---->\r\n              <!---->\r\n              <div class=\"w-100 h-y-container h-column__content h-column__v-align flex-basis-100 align-self-lg-start align-self-md-start align-self-start\">\r\n                <!---->\r\n                <div data-colibri-id=\"5-c9\" class=\"h-global-transition-all h-heading style-717 style-local-5-c9 position-relative h-element\">\r\n                  <!---->\r\n                  <div class=\"h-heading__outer style-717 style-local-5-c9\">\r\n                    <!---->\r\n                    <!---->\r\n                    <h3 class=\"\">\r\n                      <u> LE PROCESSUS : <\/u>\r\n                    <\/h3>\r\n                  <\/div>\r\n                <\/div>\r\n                <div data-colibri-id=\"5-c10\" class=\"h-text h-text-component style-718 style-local-5-c10 position-relative h-element\">\r\n                  <!---->\r\n                  <!---->\r\n                  <div class=\"\">\r\n                    <p>Pour r\u00e9guler le syst\u00e8me nerveux par une approche sur les m\u00e9ridiens et les nerfs, pour d\u00e9programmer les traumas et renouveler les cellules de tout l\u2019organisme, pour nettoyer profond\u00e9ment les syst\u00e8mes et harmoniser le corps dans son\r\n                      ensemble.<\/p>\r\n                  <\/div>\r\n                <\/div>\r\n                <div data-colibri-id=\"5-c11\" class=\"h-global-transition-all h-heading style-717 style-local-5-c11 position-relative h-element\">\r\n                  <!---->\r\n                  <div class=\"h-heading__outer style-717 style-local-5-c11\">\r\n                    <!---->\r\n                    <!---->\r\n                    <h3 class=\"\">\r\n                      <u>POURQUOI MOI ?<\/u>\r\n                    <\/h3>\r\n                  <\/div>\r\n                <\/div>\r\n                <div data-colibri-id=\"5-c12\" class=\"h-text h-text-component style-718 style-local-5-c12 position-relative h-element\">\r\n                  <!---->\r\n                  <!---->\r\n                  <div class=\"\">\r\n                    <p>Prolonger la vie et \u00e9viter les sch\u00e9mas r\u00e9p\u00e9titifs en soulageant les afflictions mentales physiques et \u00e9motionnelles, en s\u2019alignant et reliant les organes \u00e0 un Tout. <\/p>\r\n                  <\/div>\r\n                <\/div>\r\n                <div data-colibri-id=\"5-c13\" class=\"h-global-transition-all h-heading style-717 style-local-5-c13 position-relative h-element\">\r\n                  <!---->\r\n                  <div class=\"h-heading__outer style-717 style-local-5-c13\">\r\n                    <!---->\r\n                    <!---->\r\n                    <h3 class=\"\">\r\n                      <u> MES SP\u00c9CIALIT\u00c9S :<span class=\"ql-cursor\">\ufeff<\/span><\/u>\r\n                    <\/h3>\r\n                  <\/div>\r\n                <\/div>\r\n                <div data-colibri-id=\"5-c14\" class=\"h-text h-text-component style-718 style-local-5-c14 position-relative h-element\">\r\n                  <!---->\r\n                  <!---->\r\n                  <div class=\"\">\r\n                    <p>Apr\u00e8s le bilan initial de la premi\u00e8re s\u00e9ance et suivant cette derni\u00e8re quelques moments vibratoires&nbsp;permettent de stabiliser le traitement (selon les besoins de chacun).<\/p>\r\n                  <\/div>\r\n                <\/div>\r\n              <\/div>\r\n            <\/div>\r\n          <\/div>\r\n        <\/div>\r\n      <\/div>\r\n    <\/div>\r\n  <\/div>\r\n<\/div>","protected":false},"excerpt":{"rendered":"<p>LE PROCESSUS : Pour r\u00e9guler le syst\u00e8me nerveux par une approche sur les m\u00e9ridiens et les nerfs, pour d\u00e9programmer les traumas et renouveler les cellules de tout l\u2019organisme, pour nettoyer profond\u00e9ment les syst\u00e8mes et harmoniser le corps dans son ensemble. POURQUOI MOI ? Prolonger la vie et \u00e9viter les sch\u00e9mas r\u00e9p\u00e9titifs en soulageant les afflictions [&hellip;]<\/p>\n","protected":false},"author":1,"featured_media":0,"parent":0,"menu_order":0,"comment_status":"closed","ping_status":"closed","template":"page-templates\/homepage.php","meta":{"footnotes":""},"class_list":["post-5","page","type-page","status-publish","hentry"],"_links":{"self":[{"href":"https:\/\/ventconscient.fr\/index.php?rest_route=\/wp\/v2\/pages\/5","targetHints":{"allow":["GET"]}}],"collection":[{"href":"https:\/\/ventconscient.fr\/index.php?rest_route=\/wp\/v2\/pages"}],"about":[{"href":"https:\/\/ventconscient.fr\/index.php?rest_route=\/wp\/v2\/types\/page"}],"author":[{"embeddable":true,"href":"https:\/\/ventconscient.fr\/index.php?rest_route=\/wp\/v2\/users\/1"}],"replies":[{"embeddable":true,"href":"https:\/\/ventconscient.fr\/index.php?rest_route=%2Fwp%2Fv2%2Fcomments&post=5"}],"version-history":[{"count":19,"href":"https:\/\/ventconscient.fr\/index.php?rest_route=\/wp\/v2\/pages\/5\/revisions"}],"predecessor-version":[{"id":3003,"href":"https:\/\/ventconscient.fr\/index.php?rest_route=\/wp\/v2\/pages\/5\/revisions\/3003"}],"wp:attachment":[{"href":"https:\/\/ventconscient.fr\/index.php?rest_route=%2Fwp%2Fv2%2Fmedia&parent=5"}],"curies":[{"name":"wp","href":"https:\/\/api.w.org\/{rel}","templated":true}]}}