{"id":793,"date":"2019-05-31T08:31:19","date_gmt":"2019-05-31T06:31:19","guid":{"rendered":"https:\/\/colibriwp-work.colibriwp.com\/photographer-portfolio\/?page_id=793"},"modified":"2024-09-17T14:52:26","modified_gmt":"2024-09-17T12:52:26","slug":"about","status":"publish","type":"page","link":"https:\/\/ventconscient.fr\/?page_id=793","title":{"rendered":"Mon travail"},"content":{"rendered":"<div data-colibri-id=\"793-c1\" class=\"style-268 style-local-793-c1 position-relative\">\n  <!---->\n  <div data-colibri-component=\"section\" data-colibri-id=\"793-c2\" id=\"about\" class=\"h-section h-section-global-spacing d-flex align-items-lg-center align-items-md-center align-items-center style-269 style-local-793-c2 position-relative\">\n    <!---->\n    <!---->\n    <div class=\"h-section-grid-container h-section-boxed-container\">\n      <!---->\n      <div data-colibri-id=\"793-c3\" class=\"h-row-container gutters-row-lg-2 gutters-row-md-2 gutters-row-2 gutters-row-v-lg-2 gutters-row-v-md-2 gutters-row-v-2 style-270 style-local-793-c3 position-relative\">\n        <!---->\n        <div class=\"h-row justify-content-lg-center justify-content-md-center justify-content-center align-items-lg-stretch align-items-md-stretch align-items-stretch gutters-col-lg-2 gutters-col-md-2 gutters-col-2 gutters-col-v-lg-2 gutters-col-v-md-2 gutters-col-v-2\">\n          <!---->\n          <div class=\"h-column h-column-container d-flex h-col-lg-auto h-col-md-auto h-col-auto style-272-outer style-local-793-c4-outer\">\n            <div data-colibri-id=\"793-c4\" class=\"d-flex h-flex-basis h-column__inner h-px-lg-2 h-px-md-2 h-px-2 v-inner-lg-2 v-inner-md-2 v-inner-2 style-272 style-local-793-c4 position-relative\">\n              <!---->\n              <!---->\n              <div class=\"w-100 h-y-container h-column__content h-column__v-align flex-basis-100 align-self-lg-start align-self-md-start align-self-start\">\n                <!---->\n                <div data-colibri-id=\"793-c5\" class=\"h-text h-text-component style-450 style-local-793-c5 position-relative h-element\">\n                  <!---->\n                  <!---->\n                  <div class=\"\">\n                    <p>Le shiatsu massunga se&nbsp;base sur la th\u00e9orie des 5 \u00e9l\u00e9ments &amp; origine de la m\u00e9decine traditionnelle chinoise.<\/p>\n                    <p>Le shiatsu fluidifie les r\u00e9gions les&nbsp;plus stagnantes et lib\u00e8re les&nbsp;blocages .<\/p>\n                    <p>Les d\u00e9s\u00e9quilibres les plus profonds&nbsp;sont tels \u2018d\u00e9racin\u00e9s\u2019 afin de laisser&nbsp;circuler l\u2019\u00e9nergie vers la source de&nbsp;l\u2019\u00e9quilibre.&nbsp;<\/p>\n                    <p>Recommand\u00e9 en pr\u00e9vention avant&nbsp;le changement de saison &amp; pour&nbsp;\u00e9quilibrer tout l\u2019organisme.<\/p>\n                  <\/div>\n                <\/div>\n                <div data-colibri-id=\"793-c6\" class=\"h-x-container style-840 style-local-793-c6 position-relative h-element\">\n                  <!---->\n                  <div class=\"h-x-container-inner style-dynamic-793-c6-group style-840-spacing style-local-793-c6-spacing\"><span class=\"h-button__outer style-841-outer style-local-793-c7-outer d-inline-flex h-element\"><a h-use-smooth-scroll=\"true\" href=\"https:\/\/www.shiatsu-france.com\/etab-shiatsu-magali-lussiez-shiatsu-masunaga.html\" target=\"_blank\" data-colibri-id=\"793-c7\" class=\"d-flex w-100 align-items-center h-button justify-content-lg-center justify-content-md-center justify-content-center style-841 style-local-793-c7 position-relative\" rel=\"noopener\"><!----><!----> <span>Retrouvez-moi sur shiatsu-france.com<\/span><\/a>\n                    <\/span>\n                  <\/div>\n                <\/div>\n              <\/div>\n            <\/div>\n          <\/div>\n        <\/div>\n      <\/div>\n    <\/div>\n  <\/div>\n<\/div>","protected":false},"excerpt":{"rendered":"<p>Le shiatsu massunga se&nbsp;base sur la th\u00e9orie des 5 \u00e9l\u00e9ments &amp; origine de la m\u00e9decine traditionnelle chinoise. Le shiatsu fluidifie les r\u00e9gions les&nbsp;plus stagnantes et lib\u00e8re les&nbsp;blocages . Les d\u00e9s\u00e9quilibres les plus profonds&nbsp;sont tels \u2018d\u00e9racin\u00e9s\u2019 afin de laisser&nbsp;circuler l\u2019\u00e9nergie vers la source de&nbsp;l\u2019\u00e9quilibre.&nbsp; Recommand\u00e9 en pr\u00e9vention avant&nbsp;le changement de saison &amp; pour&nbsp;\u00e9quilibrer tout l\u2019organisme. Retrouvez-moi [&hellip;]<\/p>\n","protected":false},"author":1,"featured_media":0,"parent":0,"menu_order":0,"comment_status":"closed","ping_status":"closed","template":"page-templates\/full-width-page.php","meta":{"footnotes":""},"class_list":["post-793","page","type-page","status-publish","hentry"],"_links":{"self":[{"href":"https:\/\/ventconscient.fr\/index.php?rest_route=\/wp\/v2\/pages\/793","targetHints":{"allow":["GET"]}}],"collection":[{"href":"https:\/\/ventconscient.fr\/index.php?rest_route=\/wp\/v2\/pages"}],"about":[{"href":"https:\/\/ventconscient.fr\/index.php?rest_route=\/wp\/v2\/types\/page"}],"author":[{"embeddable":true,"href":"https:\/\/ventconscient.fr\/index.php?rest_route=\/wp\/v2\/users\/1"}],"replies":[{"embeddable":true,"href":"https:\/\/ventconscient.fr\/index.php?rest_route=%2Fwp%2Fv2%2Fcomments&post=793"}],"version-history":[{"count":9,"href":"https:\/\/ventconscient.fr\/index.php?rest_route=\/wp\/v2\/pages\/793\/revisions"}],"predecessor-version":[{"id":2914,"href":"https:\/\/ventconscient.fr\/index.php?rest_route=\/wp\/v2\/pages\/793\/revisions\/2914"}],"wp:attachment":[{"href":"https:\/\/ventconscient.fr\/index.php?rest_route=%2Fwp%2Fv2%2Fmedia&parent=793"}],"curies":[{"name":"wp","href":"https:\/\/api.w.org\/{rel}","templated":true}]}}